{"id":638,"date":"2023-05-05T14:21:14","date_gmt":"2023-05-05T14:21:14","guid":{"rendered":"https:\/\/aquecedores.flexclean.com.br\/?page_id=638"},"modified":"2024-11-08T21:39:47","modified_gmt":"2024-11-08T21:39:47","slug":"bosch-therm-5700-f-35l","status":"publish","type":"page","link":"https:\/\/aquecedores.flexclean.com.br\/index.php\/bosch-therm-5700-f-35l\/","title":{"rendered":"Bosch Therm 5700 F 35L"},"content":{"rendered":"\t\t<div data-elementor-type=\"wp-page\" data-elementor-id=\"638\" class=\"elementor elementor-638\">\n\t\t\t\t\t\t\t<div class=\"elementor-element elementor-element-43c64c7 e-con-full e-con\" data-id=\"43c64c7\" data-element_type=\"container\" data-settings=\"{&quot;content_width&quot;:&quot;full&quot;}\">\n\t\t<div class=\"elementor-element elementor-element-e7f4d87 e-con-full e-con\" data-id=\"e7f4d87\" data-element_type=\"container\" data-settings=\"{&quot;content_width&quot;:&quot;full&quot;,&quot;background_background&quot;:&quot;classic&quot;}\">\n\t\t\t\t<div class=\"elementor-element elementor-element-7b96e60 elementor-widget elementor-widget-heading\" data-id=\"7b96e60\" data-element_type=\"widget\" data-widget_type=\"heading.default\">\n\t\t\t\t<div class=\"elementor-widget-container\">\n\t\t\t<style>\/*! elementor - v3.12.2 - 23-04-2023 *\/\n.elementor-heading-title{padding:0;margin:0;line-height:1}.elementor-widget-heading .elementor-heading-title[class*=elementor-size-]>a{color:inherit;font-size:inherit;line-height:inherit}.elementor-widget-heading .elementor-heading-title.elementor-size-small{font-size:15px}.elementor-widget-heading .elementor-heading-title.elementor-size-medium{font-size:19px}.elementor-widget-heading .elementor-heading-title.elementor-size-large{font-size:29px}.elementor-widget-heading .elementor-heading-title.elementor-size-xl{font-size:39px}.elementor-widget-heading .elementor-heading-title.elementor-size-xxl{font-size:59px}<\/style><h2 class=\"elementor-heading-title elementor-size-default\">Bosch Therm 5700 F 35L<\/h2>\t\t<\/div>\n\t\t\t\t<\/div>\n\t\t\t\t<\/div>\n\t\t\t\t<\/div>\n\t\t<div class=\"elementor-element elementor-element-bbd831d e-con-boxed e-con\" data-id=\"bbd831d\" data-element_type=\"container\" data-settings=\"{&quot;content_width&quot;:&quot;boxed&quot;}\">\n\t\t\t\t\t<div class=\"e-con-inner\">\n\t\t<div class=\"elementor-element elementor-element-3e86d1b e-con-full e-con\" data-id=\"3e86d1b\" data-element_type=\"container\" data-settings=\"{&quot;content_width&quot;:&quot;full&quot;}\">\n\t\t\t\t<div class=\"elementor-element elementor-element-4e52597 elementor-widget__width-inherit elementor-arrows-position-inside elementor-widget elementor-widget-image-carousel\" data-id=\"4e52597\" data-element_type=\"widget\" data-settings=\"{&quot;slides_to_show&quot;:&quot;1&quot;,&quot;navigation&quot;:&quot;arrows&quot;,&quot;autoplay&quot;:&quot;yes&quot;,&quot;pause_on_hover&quot;:&quot;yes&quot;,&quot;pause_on_interaction&quot;:&quot;yes&quot;,&quot;autoplay_speed&quot;:5000,&quot;infinite&quot;:&quot;yes&quot;,&quot;effect&quot;:&quot;slide&quot;,&quot;speed&quot;:500}\" data-widget_type=\"image-carousel.default\">\n\t\t\t\t<div class=\"elementor-widget-container\">\n\t\t\t<style>\/*! elementor - v3.12.2 - 23-04-2023 *\/\n.elementor-widget-image-carousel .swiper,.elementor-widget-image-carousel .swiper-container{position:static}.elementor-widget-image-carousel .swiper-container .swiper-slide figure,.elementor-widget-image-carousel .swiper .swiper-slide figure{line-height:inherit}.elementor-widget-image-carousel .swiper-slide{text-align:center}.elementor-image-carousel-wrapper:not(.swiper-container-initialized) .swiper-slide,.elementor-image-carousel-wrapper:not(.swiper-initialized) .swiper-slide{max-width:calc(100% \/ var(--e-image-carousel-slides-to-show, 3))}<\/style>\t\t<div class=\"elementor-image-carousel-wrapper swiper\" dir=\"ltr\">\n\t\t\t<div class=\"elementor-image-carousel swiper-wrapper swiper-image-stretch\">\n\t\t\t\t\t\t\t\t<div class=\"swiper-slide\"><a data-elementor-open-lightbox=\"yes\" data-elementor-lightbox-slideshow=\"4e52597\" data-elementor-lightbox-title=\"Therm_5700_F_Front\" data-e-action-hash=\"#elementor-action%3Aaction%3Dlightbox%26settings%3DeyJpZCI6NjMxLCJ1cmwiOiJodHRwczpcL1wvYXF1ZWNlZG9yZXMuZmxleGNsZWFuLmNvbS5iclwvd3AtY29udGVudFwvdXBsb2Fkc1wvMjAyM1wvMDVcL1RoZXJtXzU3MDBfRl9Gcm9udC5wbmciLCJzbGlkZXNob3ciOiI0ZTUyNTk3In0%3D\" href=\"https:\/\/aquecedores.flexclean.com.br\/wp-content\/uploads\/2023\/05\/Therm_5700_F_Front.png\"><figure class=\"swiper-slide-inner\"><img decoding=\"async\" class=\"swiper-slide-image\" src=\"https:\/\/aquecedores.flexclean.com.br\/wp-content\/uploads\/2023\/05\/Therm_5700_F_Front.png\" alt=\"Therm_5700_F_Front\" \/><\/figure><\/a><\/div><div class=\"swiper-slide\"><a data-elementor-open-lightbox=\"yes\" data-elementor-lightbox-slideshow=\"4e52597\" data-elementor-lightbox-title=\"Therm_5700_F_Left\" data-e-action-hash=\"#elementor-action%3Aaction%3Dlightbox%26settings%3DeyJpZCI6NjMyLCJ1cmwiOiJodHRwczpcL1wvYXF1ZWNlZG9yZXMuZmxleGNsZWFuLmNvbS5iclwvd3AtY29udGVudFwvdXBsb2Fkc1wvMjAyM1wvMDVcL1RoZXJtXzU3MDBfRl9MZWZ0LnBuZyIsInNsaWRlc2hvdyI6IjRlNTI1OTcifQ%3D%3D\" href=\"https:\/\/aquecedores.flexclean.com.br\/wp-content\/uploads\/2023\/05\/Therm_5700_F_Left.png\"><figure class=\"swiper-slide-inner\"><img decoding=\"async\" class=\"swiper-slide-image\" src=\"https:\/\/aquecedores.flexclean.com.br\/wp-content\/uploads\/2023\/05\/Therm_5700_F_Left.png\" alt=\"Therm_5700_F_Left\" \/><\/figure><\/a><\/div><div class=\"swiper-slide\"><a data-elementor-open-lightbox=\"yes\" data-elementor-lightbox-slideshow=\"4e52597\" data-elementor-lightbox-title=\"Therm_5700_F_Right\" data-e-action-hash=\"#elementor-action%3Aaction%3Dlightbox%26settings%3DeyJpZCI6NjMzLCJ1cmwiOiJodHRwczpcL1wvYXF1ZWNlZG9yZXMuZmxleGNsZWFuLmNvbS5iclwvd3AtY29udGVudFwvdXBsb2Fkc1wvMjAyM1wvMDVcL1RoZXJtXzU3MDBfRl9SaWdodC5wbmciLCJzbGlkZXNob3ciOiI0ZTUyNTk3In0%3D\" href=\"https:\/\/aquecedores.flexclean.com.br\/wp-content\/uploads\/2023\/05\/Therm_5700_F_Right.png\"><figure class=\"swiper-slide-inner\"><img decoding=\"async\" class=\"swiper-slide-image\" src=\"https:\/\/aquecedores.flexclean.com.br\/wp-content\/uploads\/2023\/05\/Therm_5700_F_Right.png\" alt=\"Therm_5700_F_Right\" \/><\/figure><\/a><\/div>\t\t\t<\/div>\n\t\t\t\t\t\t\t\t\t\t\t\t\t\t\t\t<div class=\"elementor-swiper-button elementor-swiper-button-prev\">\n\t\t\t\t\t\t<i aria-hidden=\"true\" class=\"eicon-chevron-left\"><\/i>\t\t\t\t\t\t<span class=\"elementor-screen-only\">Anterior<\/span>\n\t\t\t\t\t<\/div>\n\t\t\t\t\t<div class=\"elementor-swiper-button elementor-swiper-button-next\">\n\t\t\t\t\t\t<i aria-hidden=\"true\" class=\"eicon-chevron-right\"><\/i>\t\t\t\t\t\t<span class=\"elementor-screen-only\">Pr\u00f3ximo<\/span>\n\t\t\t\t\t<\/div>\n\t\t\t\t\t\t\t\t\t<\/div>\n\t\t\t\t<\/div>\n\t\t\t\t<\/div>\n\t\t\t\t<\/div>\n\t\t<div class=\"elementor-element elementor-element-278c014 e-con-full e-con\" data-id=\"278c014\" data-element_type=\"container\" data-settings=\"{&quot;content_width&quot;:&quot;full&quot;}\">\n\t\t\t\t<div class=\"elementor-element elementor-element-04ead72 elementor-widget elementor-widget-image\" data-id=\"04ead72\" data-element_type=\"widget\" data-widget_type=\"image.default\">\n\t\t\t\t<div class=\"elementor-widget-container\">\n\t\t\t<style>\/*! elementor - v3.12.2 - 23-04-2023 *\/\n.elementor-widget-image{text-align:center}.elementor-widget-image a{display:inline-block}.elementor-widget-image a img[src$=\".svg\"]{width:48px}.elementor-widget-image img{vertical-align:middle;display:inline-block}<\/style>\t\t\t\t\t\t\t\t\t\t\t\t<img decoding=\"async\" width=\"300\" height=\"68\" src=\"https:\/\/aquecedores.flexclean.com.br\/wp-content\/uploads\/2023\/05\/Bosch_GR-br_L.png\" class=\"attachment-medium size-medium wp-image-634\" alt=\"\" loading=\"lazy\" \/>\t\t\t\t\t\t\t\t\t\t\t\t\t\t\t<\/div>\n\t\t\t\t<\/div>\n\t\t\t\t<div class=\"elementor-element elementor-element-9fe03c3 elementor-widget elementor-widget-heading\" data-id=\"9fe03c3\" data-element_type=\"widget\" data-widget_type=\"heading.default\">\n\t\t\t\t<div class=\"elementor-widget-container\">\n\t\t\t<h2 class=\"elementor-heading-title elementor-size-default\"><div style=\"white-space: normal; color: rgb(0, 0, 0); font-family: &quot;Bosch Sans&quot;, Helvetica, Arial, sans-serif; font-size: 16px;\"><b>Aquecedores de \u00e1gua a g\u00e1s<\/b><\/div><div style=\"white-space: normal; color: rgb(0, 0, 0); font-family: &quot;Bosch Sans&quot;, Helvetica, Arial, sans-serif; font-size: 16px; font-weight: 300;\"><span style=\"font-size: 48px; letter-spacing: -0.02em;\">Therm 5700 F 35L<\/span><span style=\"color: var( --e-global-color-primary ); font-family: var( --e-global-typography-primary-font-family ), Sans-serif; font-size: 2rem; font-weight: var( --e-global-typography-primary-font-weight ); text-align: var(--text-align); white-space: pre-wrap;\"><\/span><\/div><\/h2>\t\t<\/div>\n\t\t\t\t<\/div>\n\t\t\t\t<div class=\"elementor-element elementor-element-db84a2f elementor-widget elementor-widget-text-editor\" data-id=\"db84a2f\" data-element_type=\"widget\" data-widget_type=\"text-editor.default\">\n\t\t\t\t<div class=\"elementor-widget-container\">\n\t\t\t<style>\/*! elementor - v3.12.2 - 23-04-2023 *\/\n.elementor-widget-text-editor.elementor-drop-cap-view-stacked .elementor-drop-cap{background-color:#69727d;color:#fff}.elementor-widget-text-editor.elementor-drop-cap-view-framed .elementor-drop-cap{color:#69727d;border:3px solid;background-color:transparent}.elementor-widget-text-editor:not(.elementor-drop-cap-view-default) .elementor-drop-cap{margin-top:8px}.elementor-widget-text-editor:not(.elementor-drop-cap-view-default) .elementor-drop-cap-letter{width:1em;height:1em}.elementor-widget-text-editor .elementor-drop-cap{float:left;text-align:center;line-height:1;font-size:50px}.elementor-widget-text-editor .elementor-drop-cap-letter{display:inline-block}<\/style>\t\t\t\t<p>Com a nova gera\u00e7\u00e3o de aquecedores a g\u00e1s Bosch, pioneira em aquecimento de \u00e1gua, sua casa tem muita \u00e1gua quente sempre dispon\u00edvel, com os mais altos padr\u00f5es de seguran\u00e7a e qualidade.<\/p>\t\t\t\t\t\t<\/div>\n\t\t\t\t<\/div>\n\t\t\t\t<div class=\"elementor-element elementor-element-47cc903 elementor-widget elementor-widget-text-editor\" data-id=\"47cc903\" data-element_type=\"widget\" data-widget_type=\"text-editor.default\">\n\t\t\t\t<div class=\"elementor-widget-container\">\n\t\t\t\t\t\t\t<ul><li>Painel touchscreen.<\/li><li>Modula\u00e7\u00e3o eletr\u00f4nica da temperatura.<\/li><li>Controle de temperatura e consumo precisos, para voc\u00ea n\u00e3o precisar ficar regulando a temperatura nos registros do chuveiro.<\/li><\/ul>\t\t\t\t\t\t<\/div>\n\t\t\t\t<\/div>\n\t\t\t\t<\/div>\n\t\t\t\t\t<\/div>\n\t\t\t\t<\/div>\n\t\t<div class=\"elementor-element elementor-element-68a4493 e-con-full e-con\" data-id=\"68a4493\" data-element_type=\"container\" data-settings=\"{&quot;content_width&quot;:&quot;full&quot;}\">\n\t\t\t\t<div class=\"elementor-element elementor-element-9a09a5b elementor-widget elementor-widget-heading\" data-id=\"9a09a5b\" data-element_type=\"widget\" data-widget_type=\"heading.default\">\n\t\t\t\t<div class=\"elementor-widget-container\">\n\t\t\t<h2 class=\"elementor-heading-title elementor-size-default\">Detalhes que fazem a diferen\u00e7a<\/h2>\t\t<\/div>\n\t\t\t\t<\/div>\n\t\t\t\t<\/div>\n\t\t<div class=\"elementor-element elementor-element-908b5ef e-con-boxed e-con\" data-id=\"908b5ef\" data-element_type=\"container\" data-settings=\"{&quot;content_width&quot;:&quot;boxed&quot;}\">\n\t\t\t\t\t<div class=\"e-con-inner\">\n\t\t<div class=\"elementor-element elementor-element-3d486bb e-con-full e-con\" data-id=\"3d486bb\" data-element_type=\"container\" data-settings=\"{&quot;content_width&quot;:&quot;full&quot;}\">\n\t\t\t\t<div class=\"elementor-element elementor-element-d171e49 elementor-widget elementor-widget-text-editor\" data-id=\"d171e49\" data-element_type=\"widget\" data-widget_type=\"text-editor.default\">\n\t\t\t\t<div class=\"elementor-widget-container\">\n\t\t\t\t\t\t\t<p>\u00a0<\/p><h2>Modula\u00e7\u00e3o eletr\u00f4nica da temperatura<\/h2><p>O aquecedor ajusta automaticamente a pot\u00eancia mantendo a \u00e1gua sempre aquecida na temperatura programada, mesmo que outras duchas ou torneiras da casa sejam abertas ou fechadas. Seu queimador segmentado permite o funcionamento em 30%, 60% ou 100% de pot\u00eancia, estabilizando a temperatura com precis\u00e3o, e consequentemente otimizando o consumo de g\u00e1s.<\/p><p>\u00a0<\/p><h2>Painel de controle touchscreen e display LCD<\/h2><p>Controle o aquecedor e programe a temperatura da \u00e1gua de forma f\u00e1cil e intuitiva. O display exibe o status de funcionamento do aquecedor al\u00e9m de informa\u00e7\u00f5es importantes como temperatura da \u00e1gua e pontos de sa\u00edda.<\/p><p>\u00a0<\/p><h2>Sensor de detec\u00e7\u00e3o da chama<\/h2><p>Em caso de apagamento acidental da chama durante o funcionamento do aparelho, a v\u00e1lvula de g\u00e1s se fecha automaticamente, evitando riscos de vazamento.<\/p><p>\u00a0<\/p><h2>Bivolt autom\u00e1tico<\/h2><p>Ajusta-se automaticamente \u00e0 tens\u00e3o el\u00e9trica do local, 127 V ou 220 V, sem a necessidade de convers\u00e3o el\u00e9trica.<\/p><p>\u00a0<\/p><h2>Monitor de opera\u00e7\u00e3o<\/h2><p>Como um computador de bordo, seu display permite a verifica\u00e7\u00e3o simples e r\u00e1pida de dados importantes como tempo de funcionamento, temperaturas de entrada e sa\u00edda, n\u00famero de acendimentos do aquecedor e seu hist\u00f3rico de funcionamento.<\/p><p>\u00a0<\/p><h2>\u00a0<\/h2>\t\t\t\t\t\t<\/div>\n\t\t\t\t<\/div>\n\t\t\t\t<\/div>\n\t\t<div class=\"elementor-element elementor-element-61211f9 e-con-full e-con\" data-id=\"61211f9\" data-element_type=\"container\" data-settings=\"{&quot;content_width&quot;:&quot;full&quot;}\">\n\t\t\t\t<div class=\"elementor-element elementor-element-13ea6fa elementor-widget elementor-widget-text-editor\" data-id=\"13ea6fa\" data-element_type=\"widget\" data-widget_type=\"text-editor.default\">\n\t\t\t\t<div class=\"elementor-widget-container\">\n\t\t\t\t\t\t\t<div><h2 style=\"font-family: Roboto, sans-serif; color: #7a7a7a;\"><span style=\"font-size: 2rem; text-align: var(--text-align);\">Fun\u00e7\u00e3o mem\u00f3ria da temperatura<\/span><\/h2><p><span style=\"color: var( --e-global-color-text ); font-family: var( --e-global-typography-text-font-family ), Sans-serif; font-weight: var( --e-global-typography-text-font-weight ); text-align: var(--text-align); font-size: 1rem;\">Mesmo que falte energia el\u00e9trica, o aquecedor grava a \u00faltima temperatura programada para o pr\u00f3ximo banho<\/span><\/p><p>\u00a0<\/p><h2>Compatibilidade com aquecedor solar (Solar Ready)<\/h2><p>O Therm 5600 F \u00e9 preparado para ser integrado a aquecedores solares de \u00e1gua, para quem deseja o m\u00e1ximo de conforto, economia e sustentabilidade. Se a temperatura da \u00e1gua do sistema de aquecimento solar estiver acima da programada no aquecedor, o aquecedor a g\u00e1s se mant\u00e9m em stand by, evitando o desperd\u00edcio de g\u00e1s.<br \/>Se a \u00e1gua estiver mais fria do que a temperatura determinada, ele entra em funcionamento.<\/p><p>\u00a0<\/p><h2>Exaust\u00e3o for\u00e7ada<\/h2><p>Uma potente ventoinha expulsa os gases da combust\u00e3o para o ambiente externo.<\/p><p>\u00a0<\/p><h2>Alto padr\u00e3o de seguran\u00e7a<\/h2><p>Uma potente ventoinha expulsa os gases da combust\u00e3o para o ambiente externo.<\/p><\/div><div>\u00a0<\/div><h2>3 anos de Garantia<\/h2>\t\t\t\t\t\t<\/div>\n\t\t\t\t<\/div>\n\t\t\t\t<\/div>\n\t\t\t\t\t<\/div>\n\t\t\t\t<\/div>\n\t\t<div class=\"elementor-element elementor-element-7dbff48 e-con-full e-con\" data-id=\"7dbff48\" data-element_type=\"container\" data-settings=\"{&quot;content_width&quot;:&quot;full&quot;}\">\n\t\t<div class=\"elementor-element elementor-element-37d3af9 e-con-boxed e-con\" data-id=\"37d3af9\" data-element_type=\"container\" data-settings=\"{&quot;content_width&quot;:&quot;boxed&quot;}\">\n\t\t\t\t\t<div class=\"e-con-inner\">\n\t\t<div class=\"elementor-element elementor-element-164e732 e-con-full e-con\" data-id=\"164e732\" data-element_type=\"container\" data-settings=\"{&quot;content_width&quot;:&quot;full&quot;}\">\n\t\t\t\t<div class=\"elementor-element elementor-element-ac156f1 elementor-widget elementor-widget-heading\" data-id=\"ac156f1\" data-element_type=\"widget\" data-widget_type=\"heading.default\">\n\t\t\t\t<div class=\"elementor-widget-container\">\n\t\t\t<h2 class=\"elementor-heading-title elementor-size-default\">Especifica\u00e7\u00f5es t\u00e9cnicas<\/h2>\t\t<\/div>\n\t\t\t\t<\/div>\n\t\t\t\t<div class=\"elementor-element elementor-element-230bfd3 elementor-widget elementor-widget-text-editor\" data-id=\"230bfd3\" data-element_type=\"widget\" data-widget_type=\"text-editor.default\">\n\t\t\t\t<div class=\"elementor-widget-container\">\n\t\t\t\t\t\t\t<p>Vaz\u00e3o\u00b9<\/p><p>Pot\u00eancia Nominal<\/p><p>Rendimento<\/p><p>Consumo g\u00e1s<\/p><p>Regulagem de temperatura<\/p><p>Temperatura m\u00e1xima de entrada<\/p><p>Press\u00e3o max de \u00e1gua<\/p><p>Press\u00e3o m\u00ednima de \u00e1gua para partida<\/p><p>Press\u00e3o m\u00ednima de \u00e1gua para vaz\u00e3o m\u00e1xima<\/p><p>Vaz\u00e3o m\u00ednima de \u00e1gua para partida<\/p><p>Di\u00e2metro da gola da chamin\u00e9<\/p><p>Di\u00e2metro das conex\u00f5es \u00e1gua<\/p><p>Di\u00e2metro das conex\u00f5es de g\u00e1s<\/p><p>Dimens\u00f5es (AxLxP)<\/p><p>Peso<\/p><p>Alimenta\u00e7\u00e3o el\u00e9trica<\/p><p>Consumo el\u00e9trico em stand-by<\/p><p>Consumo el\u00e9trico m\u00e1ximo<\/p><p>Classifica\u00e7\u00e3o PBE<\/p><p>N\u00famero de registro INMETRO<\/p>\t\t\t\t\t\t<\/div>\n\t\t\t\t<\/div>\n\t\t\t\t<\/div>\n\t\t<div class=\"elementor-element elementor-element-fc2e9ee e-con-full e-con\" data-id=\"fc2e9ee\" data-element_type=\"container\" data-settings=\"{&quot;content_width&quot;:&quot;full&quot;}\">\n\t\t\t\t<div class=\"elementor-element elementor-element-8394f6b elementor-widget elementor-widget-heading\" data-id=\"8394f6b\" data-element_type=\"widget\" data-widget_type=\"heading.default\">\n\t\t\t\t<div class=\"elementor-widget-container\">\n\t\t\t<h2 class=\"elementor-heading-title elementor-size-default\">GLP<\/h2>\t\t<\/div>\n\t\t\t\t<\/div>\n\t\t\t\t<div class=\"elementor-element elementor-element-58d0d04 elementor-widget elementor-widget-text-editor\" data-id=\"58d0d04\" data-element_type=\"widget\" data-widget_type=\"text-editor.default\">\n\t\t\t\t<div class=\"elementor-widget-container\">\n\t\t\t\t\t\t\t<p>35 l\/min<\/p><p>57,5 kW 49.450 kcal\/h<\/p><p>85%<\/p><p>5,19 m\u00b3\/h<\/p><p>35\u00b0C \u2013 60\u00b0C<\/p><p>60\u00b0C<\/p><p>10 bar 100 mca<\/p><p>0,2 bar 2 mca<\/p><p>1 bar 10 mca<\/p><p>4,0 l\/min<\/p><p>100 mm<\/p><p>\u00bd\u201d<\/p><p>\u00be\u201d<\/p><p>600 X 394 X 173 mm<\/p><p>20 kg<\/p><p>Bivolt autom\u00e1tico<\/p><p>5 Wh<\/p><p>40 Wh<\/p><p>A<\/p><p>001754\/2019<\/p>\t\t\t\t\t\t<\/div>\n\t\t\t\t<\/div>\n\t\t\t\t<\/div>\n\t\t<div class=\"elementor-element elementor-element-9c8cfc8 e-con-full e-con\" data-id=\"9c8cfc8\" data-element_type=\"container\" data-settings=\"{&quot;content_width&quot;:&quot;full&quot;}\">\n\t\t\t\t<div class=\"elementor-element elementor-element-7095536 elementor-widget elementor-widget-heading\" data-id=\"7095536\" data-element_type=\"widget\" data-widget_type=\"heading.default\">\n\t\t\t\t<div class=\"elementor-widget-container\">\n\t\t\t<h2 class=\"elementor-heading-title elementor-size-default\">GN<\/h2>\t\t<\/div>\n\t\t\t\t<\/div>\n\t\t\t\t<div class=\"elementor-element elementor-element-ce48e44 elementor-widget elementor-widget-text-editor\" data-id=\"ce48e44\" data-element_type=\"widget\" data-widget_type=\"text-editor.default\">\n\t\t\t\t<div class=\"elementor-widget-container\">\n\t\t\t\t\t\t\t<p>35 l\/min<\/p><p>57,5 kW 49.450 kcal\/h<\/p><p>85%<\/p><p>4,17 kg\/h<\/p><p>35\u00b0C \u2013 60\u00b0C<\/p><p>60\u00b0C<\/p><p>10 bar 100 mca<\/p><p>0,2 bar 2 mca<\/p><p>1 bar 10 mca<\/p><p>4,0 l\/min<\/p><p>100 mm<\/p><p>\u00bd\u201d<\/p><p>\u00be\u201d<\/p><p>600 X 394 X 173 mm<\/p><p>20 kg<\/p><p>Bivolt autom\u00e1tico<\/p><p>5 Wh<\/p><p>40 Wh<\/p><p>A<\/p><p>001767\/2019<\/p>\t\t\t\t\t\t<\/div>\n\t\t\t\t<\/div>\n\t\t\t\t<\/div>\n\t\t\t\t\t<\/div>\n\t\t\t\t<\/div>\n\t\t\t\t<\/div>\n\t\t\t\t\t\t\t<\/div>\n\t\t","protected":false},"excerpt":{"rendered":"<p>Bosch Therm 5700 F 35L Anterior Pr\u00f3ximo Aquecedores de \u00e1gua a g\u00e1sTherm 5700 F 35L Com a nova gera\u00e7\u00e3o de aquecedores a g\u00e1s Bosch, pioneira em aquecimento de \u00e1gua, sua casa tem muita \u00e1gua quente sempre dispon\u00edvel, com os mais altos padr\u00f5es de seguran\u00e7a e qualidade. Painel touchscreen. Modula\u00e7\u00e3o eletr\u00f4nica da temperatura. Controle de temperatura [&hellip;]<\/p>\n","protected":false},"author":1,"featured_media":0,"parent":0,"menu_order":0,"comment_status":"closed","ping_status":"closed","template":"elementor_header_footer","meta":{"_joinchat":[]},"ponto_de_consumo":[],"site":[],"_links":{"self":[{"href":"https:\/\/aquecedores.flexclean.com.br\/index.php\/wp-json\/wp\/v2\/pages\/638"}],"collection":[{"href":"https:\/\/aquecedores.flexclean.com.br\/index.php\/wp-json\/wp\/v2\/pages"}],"about":[{"href":"https:\/\/aquecedores.flexclean.com.br\/index.php\/wp-json\/wp\/v2\/types\/page"}],"author":[{"embeddable":true,"href":"https:\/\/aquecedores.flexclean.com.br\/index.php\/wp-json\/wp\/v2\/users\/1"}],"replies":[{"embeddable":true,"href":"https:\/\/aquecedores.flexclean.com.br\/index.php\/wp-json\/wp\/v2\/comments?post=638"}],"version-history":[{"count":8,"href":"https:\/\/aquecedores.flexclean.com.br\/index.php\/wp-json\/wp\/v2\/pages\/638\/revisions"}],"predecessor-version":[{"id":1486,"href":"https:\/\/aquecedores.flexclean.com.br\/index.php\/wp-json\/wp\/v2\/pages\/638\/revisions\/1486"}],"wp:attachment":[{"href":"https:\/\/aquecedores.flexclean.com.br\/index.php\/wp-json\/wp\/v2\/media?parent=638"}],"wp:term":[{"taxonomy":"ponto_de_consumo","embeddable":true,"href":"https:\/\/aquecedores.flexclean.com.br\/index.php\/wp-json\/wp\/v2\/ponto_de_consumo?post=638"},{"taxonomy":"site","embeddable":true,"href":"https:\/\/aquecedores.flexclean.com.br\/index.php\/wp-json\/wp\/v2\/site?post=638"}],"curies":[{"name":"wp","href":"https:\/\/api.w.org\/{rel}","templated":true}]}}